{"id":1228,"date":"2023-12-26T22:19:25","date_gmt":"2023-12-26T22:19:25","guid":{"rendered":"https:\/\/demo.makalu.dev\/biohub\/?post_type=product&#038;p=1228"},"modified":"2025-12-11T19:38:57","modified_gmt":"2025-12-11T19:38:57","slug":"bio-papirna-casa","status":"publish","type":"product","link":"https:\/\/beta.biohub.rs\/en\/product\/bio-papirna-casa\/","title":{"rendered":"Bio Paper Cup"},"content":{"rendered":"","protected":false},"excerpt":{"rendered":"<p><em>Single-use paper cup<\/em><\/p>\n<p><strong>Recyclable, biodegradable, and plastic-free!<\/strong><\/p>\n<p>Izra\u0111ena od premium papira sa prirodnim premazom na bazi vode (WBBC).<br \/>\nZa veli\u010dine 200ml i 250ml odgovara poklopac 80mm.<br \/>\nZa veli\u010dine 350ml, 400ml i 500ml odgovara poklopac 90mm.<\/p>","protected":false},"featured_media":3107,"template":"","meta":{"inline_featured_image":false,"_monsterinsights_skip_tracking":false,"_monsterinsights_sitenote_active":false,"_monsterinsights_sitenote_note":"","_monsterinsights_sitenote_category":0},"product_brand":[],"product_cat":[16],"product_tag":[],"class_list":{"0":"post-1228","1":"product","2":"type-product","3":"status-publish","4":"has-post-thumbnail","6":"product_cat-case","8":"first","9":"instock","10":"taxable","11":"shipping-taxable","12":"purchasable","13":"product-type-variable","14":"has-default-attributes"},"acf":[],"yoast_head":"<!-- This site is optimized with the Yoast SEO plugin v26.5 - https:\/\/yoast.com\/wordpress\/plugins\/seo\/ -->\n<title>Bio Papirne \u010ca\u0161e za Jednokratnu Upotrebu - BioHub<\/title>\n<meta name=\"description\" content=\"Istra\u017eite na\u0161e papirne jednokratne \u010da\u0161e za kafu i ostale napitke. BioHub kartonske biorazgradive \u010da\u0161e pru\u017eaju odr\u017eivo re\u0161enje za kafi\u0107e, firme i doga\u0111aje.\" \/>\n<meta name=\"robots\" content=\"index, follow, max-snippet:-1, max-image-preview:large, max-video-preview:-1\" \/>\n<link rel=\"canonical\" href=\"https:\/\/beta.biohub.rs\/en\/product\/bio-papirna-casa\/\" \/>\n<meta property=\"og:locale\" content=\"en_US\" \/>\n<meta property=\"og:type\" content=\"article\" \/>\n<meta property=\"og:title\" content=\"Bio Papirne \u010ca\u0161e za Jednokratnu Upotrebu - BioHub\" \/>\n<meta property=\"og:description\" content=\"Istra\u017eite na\u0161e papirne jednokratne \u010da\u0161e za kafu i ostale napitke. BioHub kartonske biorazgradive \u010da\u0161e pru\u017eaju odr\u017eivo re\u0161enje za kafi\u0107e, firme i doga\u0111aje.\" \/>\n<meta property=\"og:url\" content=\"https:\/\/beta.biohub.rs\/en\/product\/bio-papirna-casa\/\" \/>\n<meta property=\"og:site_name\" content=\"BioHub\" \/>\n<meta property=\"article:modified_time\" content=\"2025-12-11T19:38:57+00:00\" \/>\n<meta property=\"og:image\" content=\"https:\/\/beta.biohub.rs\/wp-content\/uploads\/2023\/12\/BoskoBunusevac-BioHub-25-scaled.jpg\" \/>\n\t<meta property=\"og:image:width\" content=\"2560\" \/>\n\t<meta property=\"og:image:height\" content=\"1707\" \/>\n\t<meta property=\"og:image:type\" content=\"image\/jpeg\" \/>\n<meta name=\"twitter:card\" content=\"summary_large_image\" \/>\n<meta name=\"twitter:label1\" content=\"Est. reading time\" \/>\n\t<meta name=\"twitter:data1\" content=\"1 minute\" \/>\n<script type=\"application\/ld+json\" class=\"yoast-schema-graph\">{\"@context\":\"https:\/\/schema.org\",\"@graph\":[{\"@type\":\"WebPage\",\"@id\":\"https:\/\/beta.biohub.rs\/product\/bio-papirna-casa\/\",\"url\":\"https:\/\/beta.biohub.rs\/product\/bio-papirna-casa\/\",\"name\":\"Bio Papirne \u010ca\u0161e za Jednokratnu Upotrebu - BioHub\",\"isPartOf\":{\"@id\":\"https:\/\/beta.biohub.rs\/#website\"},\"primaryImageOfPage\":{\"@id\":\"https:\/\/beta.biohub.rs\/product\/bio-papirna-casa\/#primaryimage\"},\"image\":{\"@id\":\"https:\/\/beta.biohub.rs\/product\/bio-papirna-casa\/#primaryimage\"},\"thumbnailUrl\":\"https:\/\/beta.biohub.rs\/wp-content\/uploads\/2023\/12\/BoskoBunusevac-BioHub-25-scaled.jpg\",\"datePublished\":\"2023-12-26T22:19:25+00:00\",\"dateModified\":\"2025-12-11T19:38:57+00:00\",\"description\":\"Istra\u017eite na\u0161e papirne jednokratne \u010da\u0161e za kafu i ostale napitke. BioHub kartonske biorazgradive \u010da\u0161e pru\u017eaju odr\u017eivo re\u0161enje za kafi\u0107e, firme i doga\u0111aje.\",\"breadcrumb\":{\"@id\":\"https:\/\/beta.biohub.rs\/product\/bio-papirna-casa\/#breadcrumb\"},\"inLanguage\":\"en-US\",\"potentialAction\":[{\"@type\":\"ReadAction\",\"target\":[\"https:\/\/beta.biohub.rs\/product\/bio-papirna-casa\/\"]}]},{\"@type\":\"ImageObject\",\"inLanguage\":\"en-US\",\"@id\":\"https:\/\/beta.biohub.rs\/product\/bio-papirna-casa\/#primaryimage\",\"url\":\"https:\/\/beta.biohub.rs\/wp-content\/uploads\/2023\/12\/BoskoBunusevac-BioHub-25-scaled.jpg\",\"contentUrl\":\"https:\/\/beta.biohub.rs\/wp-content\/uploads\/2023\/12\/BoskoBunusevac-BioHub-25-scaled.jpg\",\"width\":2560,\"height\":1707},{\"@type\":\"BreadcrumbList\",\"@id\":\"https:\/\/beta.biohub.rs\/product\/bio-papirna-casa\/#breadcrumb\",\"itemListElement\":[{\"@type\":\"ListItem\",\"position\":1,\"name\":\"Home\",\"item\":\"https:\/\/beta.biohub.rs\/\"},{\"@type\":\"ListItem\",\"position\":2,\"name\":\"Shop\",\"item\":\"https:\/\/beta.biohub.rs\/shop\/\"},{\"@type\":\"ListItem\",\"position\":3,\"name\":\"Bio papirna \u010da\u0161a\"}]},{\"@type\":\"WebSite\",\"@id\":\"https:\/\/beta.biohub.rs\/#website\",\"url\":\"https:\/\/beta.biohub.rs\/\",\"name\":\"BioHub\",\"description\":\"BioHub proizvodi su biorazgradivi, reciklabilni, kompostabilni i bez plastike, &scaron;to ih \u010dini najboljim ekolo&scaron;kim supstitutima za tradicionalnu PET\/PE jednokratnu ambala\u017eu.\",\"publisher\":{\"@id\":\"https:\/\/beta.biohub.rs\/#organization\"},\"potentialAction\":[{\"@type\":\"SearchAction\",\"target\":{\"@type\":\"EntryPoint\",\"urlTemplate\":\"https:\/\/beta.biohub.rs\/?s={search_term_string}\"},\"query-input\":{\"@type\":\"PropertyValueSpecification\",\"valueRequired\":true,\"valueName\":\"search_term_string\"}}],\"inLanguage\":\"en-US\"},{\"@type\":\"Organization\",\"@id\":\"https:\/\/beta.biohub.rs\/#organization\",\"name\":\"BioHub\",\"url\":\"https:\/\/beta.biohub.rs\/\",\"logo\":{\"@type\":\"ImageObject\",\"inLanguage\":\"en-US\",\"@id\":\"https:\/\/beta.biohub.rs\/#\/schema\/logo\/image\/\",\"url\":\"\",\"contentUrl\":\"\",\"caption\":\"BioHub\"},\"image\":{\"@id\":\"https:\/\/beta.biohub.rs\/#\/schema\/logo\/image\/\"}}]}<\/script>\n<!-- \/ Yoast SEO plugin. -->","yoast_head_json":{"title":"Bio Papirne \u010ca\u0161e za Jednokratnu Upotrebu - BioHub","description":"Istra\u017eite na\u0161e papirne jednokratne \u010da\u0161e za kafu i ostale napitke. BioHub kartonske biorazgradive \u010da\u0161e pru\u017eaju odr\u017eivo re\u0161enje za kafi\u0107e, firme i doga\u0111aje.","robots":{"index":"index","follow":"follow","max-snippet":"max-snippet:-1","max-image-preview":"max-image-preview:large","max-video-preview":"max-video-preview:-1"},"canonical":"https:\/\/beta.biohub.rs\/en\/product\/bio-papirna-casa\/","og_locale":"en_US","og_type":"article","og_title":"Bio Papirne \u010ca\u0161e za Jednokratnu Upotrebu - BioHub","og_description":"Istra\u017eite na\u0161e papirne jednokratne \u010da\u0161e za kafu i ostale napitke. BioHub kartonske biorazgradive \u010da\u0161e pru\u017eaju odr\u017eivo re\u0161enje za kafi\u0107e, firme i doga\u0111aje.","og_url":"https:\/\/beta.biohub.rs\/en\/product\/bio-papirna-casa\/","og_site_name":"BioHub","article_modified_time":"2025-12-11T19:38:57+00:00","og_image":[{"width":2560,"height":1707,"url":"https:\/\/beta.biohub.rs\/wp-content\/uploads\/2023\/12\/BoskoBunusevac-BioHub-25-scaled.jpg","type":"image\/jpeg"}],"twitter_card":"summary_large_image","twitter_misc":{"Est. reading time":"1 minute"},"schema":{"@context":"https:\/\/schema.org","@graph":[{"@type":"WebPage","@id":"https:\/\/beta.biohub.rs\/product\/bio-papirna-casa\/","url":"https:\/\/beta.biohub.rs\/product\/bio-papirna-casa\/","name":"Bio Papirne \u010ca\u0161e za Jednokratnu Upotrebu - BioHub","isPartOf":{"@id":"https:\/\/beta.biohub.rs\/#website"},"primaryImageOfPage":{"@id":"https:\/\/beta.biohub.rs\/product\/bio-papirna-casa\/#primaryimage"},"image":{"@id":"https:\/\/beta.biohub.rs\/product\/bio-papirna-casa\/#primaryimage"},"thumbnailUrl":"https:\/\/beta.biohub.rs\/wp-content\/uploads\/2023\/12\/BoskoBunusevac-BioHub-25-scaled.jpg","datePublished":"2023-12-26T22:19:25+00:00","dateModified":"2025-12-11T19:38:57+00:00","description":"Istra\u017eite na\u0161e papirne jednokratne \u010da\u0161e za kafu i ostale napitke. BioHub kartonske biorazgradive \u010da\u0161e pru\u017eaju odr\u017eivo re\u0161enje za kafi\u0107e, firme i doga\u0111aje.","breadcrumb":{"@id":"https:\/\/beta.biohub.rs\/product\/bio-papirna-casa\/#breadcrumb"},"inLanguage":"en-US","potentialAction":[{"@type":"ReadAction","target":["https:\/\/beta.biohub.rs\/product\/bio-papirna-casa\/"]}]},{"@type":"ImageObject","inLanguage":"en-US","@id":"https:\/\/beta.biohub.rs\/product\/bio-papirna-casa\/#primaryimage","url":"https:\/\/beta.biohub.rs\/wp-content\/uploads\/2023\/12\/BoskoBunusevac-BioHub-25-scaled.jpg","contentUrl":"https:\/\/beta.biohub.rs\/wp-content\/uploads\/2023\/12\/BoskoBunusevac-BioHub-25-scaled.jpg","width":2560,"height":1707},{"@type":"BreadcrumbList","@id":"https:\/\/beta.biohub.rs\/product\/bio-papirna-casa\/#breadcrumb","itemListElement":[{"@type":"ListItem","position":1,"name":"Home","item":"https:\/\/beta.biohub.rs\/"},{"@type":"ListItem","position":2,"name":"Shop","item":"https:\/\/beta.biohub.rs\/shop\/"},{"@type":"ListItem","position":3,"name":"Bio papirna \u010da\u0161a"}]},{"@type":"WebSite","@id":"https:\/\/beta.biohub.rs\/#website","url":"https:\/\/beta.biohub.rs\/","name":"BioHub","description":"BioHub proizvodi su biorazgradivi, reciklabilni, kompostabilni i bez plastike, &scaron;to ih \u010dini najboljim ekolo&scaron;kim supstitutima za tradicionalnu PET\/PE jednokratnu ambala\u017eu.","publisher":{"@id":"https:\/\/beta.biohub.rs\/#organization"},"potentialAction":[{"@type":"SearchAction","target":{"@type":"EntryPoint","urlTemplate":"https:\/\/beta.biohub.rs\/?s={search_term_string}"},"query-input":{"@type":"PropertyValueSpecification","valueRequired":true,"valueName":"search_term_string"}}],"inLanguage":"en-US"},{"@type":"Organization","@id":"https:\/\/beta.biohub.rs\/#organization","name":"BioHub","url":"https:\/\/beta.biohub.rs\/","logo":{"@type":"ImageObject","inLanguage":"en-US","@id":"https:\/\/beta.biohub.rs\/#\/schema\/logo\/image\/","url":"","contentUrl":"","caption":"BioHub"},"image":{"@id":"https:\/\/beta.biohub.rs\/#\/schema\/logo\/image\/"}}]}},"_links":{"self":[{"href":"https:\/\/beta.biohub.rs\/en\/wp-json\/wp\/v2\/product\/1228","targetHints":{"allow":["GET"]}}],"collection":[{"href":"https:\/\/beta.biohub.rs\/en\/wp-json\/wp\/v2\/product"}],"about":[{"href":"https:\/\/beta.biohub.rs\/en\/wp-json\/wp\/v2\/types\/product"}],"wp:featuredmedia":[{"embeddable":true,"href":"https:\/\/beta.biohub.rs\/en\/wp-json\/wp\/v2\/media\/3107"}],"wp:attachment":[{"href":"https:\/\/beta.biohub.rs\/en\/wp-json\/wp\/v2\/media?parent=1228"}],"wp:term":[{"taxonomy":"product_brand","embeddable":true,"href":"https:\/\/beta.biohub.rs\/en\/wp-json\/wp\/v2\/product_brand?post=1228"},{"taxonomy":"product_cat","embeddable":true,"href":"https:\/\/beta.biohub.rs\/en\/wp-json\/wp\/v2\/product_cat?post=1228"},{"taxonomy":"product_tag","embeddable":true,"href":"https:\/\/beta.biohub.rs\/en\/wp-json\/wp\/v2\/product_tag?post=1228"}],"curies":[{"name":"wp","href":"https:\/\/api.w.org\/{rel}","templated":true}]}}