{"id":1351,"date":"2023-12-27T15:15:26","date_gmt":"2023-12-27T15:15:26","guid":{"rendered":"https:\/\/demo.makalu.dev\/biohub\/?post_type=product&#038;p=1351"},"modified":"2025-12-11T20:00:27","modified_gmt":"2025-12-11T20:00:27","slug":"bio-slamcice","status":"publish","type":"product","link":"https:\/\/beta.biohub.rs\/en\/product\/bio-slamcice\/","title":{"rendered":"Bio Straws"},"content":{"rendered":"","protected":false},"excerpt":{"rendered":"<p>Four-layer straws made from premium A-grade paper \u2013 recyclable and biodegradable.\nMade from pure cellulose, not recycled paper, yet fully recyclable. Thanks to their plastic-free composition and natural material origin, they are completely biodegradable and environmentally friendly.<br \/>\nIzra\u0111ene od \u010diste celuloze, nisu napravljene od recikliranog papira, ali se mogu reciklirati. Zahvaljuju\u0107i sastavu bez plastike i prirodnom poreklu materijala, potpuno su biorazgradive i ekolo\u0161ki prihvatljive.<\/p>","protected":false},"featured_media":4591,"template":"","meta":{"inline_featured_image":false,"_monsterinsights_skip_tracking":false,"_monsterinsights_sitenote_active":false,"_monsterinsights_sitenote_note":"","_monsterinsights_sitenote_category":0},"product_brand":[],"product_cat":[15],"product_tag":[],"class_list":{"0":"post-1351","1":"product","2":"type-product","3":"status-publish","4":"has-post-thumbnail","6":"product_cat-uncategorized","8":"first","9":"instock","10":"taxable","11":"shipping-taxable","12":"purchasable","13":"product-type-variable","14":"has-default-attributes"},"acf":[],"yoast_head":"<!-- This site is optimized with the Yoast SEO plugin v26.5 - https:\/\/yoast.com\/wordpress\/plugins\/seo\/ -->\n<title>Bio slam\u010dice - BioHub<\/title>\n<meta name=\"robots\" content=\"index, follow, max-snippet:-1, max-image-preview:large, max-video-preview:-1\" \/>\n<link rel=\"canonical\" href=\"https:\/\/beta.biohub.rs\/en\/product\/bio-slamcice\/\" \/>\n<meta property=\"og:locale\" content=\"en_US\" \/>\n<meta property=\"og:type\" content=\"article\" \/>\n<meta property=\"og:title\" content=\"Bio slam\u010dice - BioHub\" \/>\n<meta property=\"og:description\" content=\"Slam\u010dice od 4 sloja premium A papira \u2013 reciklabilne i biorazgradive. Izra\u0111ene od \u010diste celuloze, nisu napravljene od recikliranog papira, ali se mogu reciklirati. Zahvaljuju\u0107i sastavu bez plastike i prirodnom poreklu materijala, potpuno su biorazgradive i ekolo\u0161ki prihvatljive.\" \/>\n<meta property=\"og:url\" content=\"https:\/\/beta.biohub.rs\/en\/product\/bio-slamcice\/\" \/>\n<meta property=\"og:site_name\" content=\"BioHub\" \/>\n<meta property=\"article:modified_time\" content=\"2025-12-11T20:00:27+00:00\" \/>\n<meta property=\"og:image\" content=\"https:\/\/beta.biohub.rs\/wp-content\/uploads\/2025\/06\/Whatsapp-Straws.jpeg\" \/>\n\t<meta property=\"og:image:width\" content=\"720\" \/>\n\t<meta property=\"og:image:height\" content=\"666\" \/>\n\t<meta property=\"og:image:type\" content=\"image\/jpeg\" \/>\n<meta name=\"twitter:card\" content=\"summary_large_image\" \/>\n<meta name=\"twitter:label1\" content=\"Est. reading time\" \/>\n\t<meta name=\"twitter:data1\" content=\"1 minute\" \/>\n<script type=\"application\/ld+json\" class=\"yoast-schema-graph\">{\"@context\":\"https:\/\/schema.org\",\"@graph\":[{\"@type\":\"WebPage\",\"@id\":\"https:\/\/beta.biohub.rs\/product\/bio-slamcice\/\",\"url\":\"https:\/\/beta.biohub.rs\/product\/bio-slamcice\/\",\"name\":\"Bio slam\u010dice - BioHub\",\"isPartOf\":{\"@id\":\"https:\/\/beta.biohub.rs\/#website\"},\"primaryImageOfPage\":{\"@id\":\"https:\/\/beta.biohub.rs\/product\/bio-slamcice\/#primaryimage\"},\"image\":{\"@id\":\"https:\/\/beta.biohub.rs\/product\/bio-slamcice\/#primaryimage\"},\"thumbnailUrl\":\"https:\/\/beta.biohub.rs\/wp-content\/uploads\/2025\/06\/Whatsapp-Straws.jpeg\",\"datePublished\":\"2023-12-27T15:15:26+00:00\",\"dateModified\":\"2025-12-11T20:00:27+00:00\",\"breadcrumb\":{\"@id\":\"https:\/\/beta.biohub.rs\/product\/bio-slamcice\/#breadcrumb\"},\"inLanguage\":\"en-US\",\"potentialAction\":[{\"@type\":\"ReadAction\",\"target\":[\"https:\/\/beta.biohub.rs\/product\/bio-slamcice\/\"]}]},{\"@type\":\"ImageObject\",\"inLanguage\":\"en-US\",\"@id\":\"https:\/\/beta.biohub.rs\/product\/bio-slamcice\/#primaryimage\",\"url\":\"https:\/\/beta.biohub.rs\/wp-content\/uploads\/2025\/06\/Whatsapp-Straws.jpeg\",\"contentUrl\":\"https:\/\/beta.biohub.rs\/wp-content\/uploads\/2025\/06\/Whatsapp-Straws.jpeg\",\"width\":720,\"height\":666},{\"@type\":\"BreadcrumbList\",\"@id\":\"https:\/\/beta.biohub.rs\/product\/bio-slamcice\/#breadcrumb\",\"itemListElement\":[{\"@type\":\"ListItem\",\"position\":1,\"name\":\"Home\",\"item\":\"https:\/\/beta.biohub.rs\/\"},{\"@type\":\"ListItem\",\"position\":2,\"name\":\"Shop\",\"item\":\"https:\/\/beta.biohub.rs\/shop\/\"},{\"@type\":\"ListItem\",\"position\":3,\"name\":\"Bio slam\u010dice\"}]},{\"@type\":\"WebSite\",\"@id\":\"https:\/\/beta.biohub.rs\/#website\",\"url\":\"https:\/\/beta.biohub.rs\/\",\"name\":\"BioHub\",\"description\":\"BioHub proizvodi su biorazgradivi, reciklabilni, kompostabilni i bez plastike, &scaron;to ih \u010dini najboljim ekolo&scaron;kim supstitutima za tradicionalnu PET\/PE jednokratnu ambala\u017eu.\",\"publisher\":{\"@id\":\"https:\/\/beta.biohub.rs\/#organization\"},\"potentialAction\":[{\"@type\":\"SearchAction\",\"target\":{\"@type\":\"EntryPoint\",\"urlTemplate\":\"https:\/\/beta.biohub.rs\/?s={search_term_string}\"},\"query-input\":{\"@type\":\"PropertyValueSpecification\",\"valueRequired\":true,\"valueName\":\"search_term_string\"}}],\"inLanguage\":\"en-US\"},{\"@type\":\"Organization\",\"@id\":\"https:\/\/beta.biohub.rs\/#organization\",\"name\":\"BioHub\",\"url\":\"https:\/\/beta.biohub.rs\/\",\"logo\":{\"@type\":\"ImageObject\",\"inLanguage\":\"en-US\",\"@id\":\"https:\/\/beta.biohub.rs\/#\/schema\/logo\/image\/\",\"url\":\"\",\"contentUrl\":\"\",\"caption\":\"BioHub\"},\"image\":{\"@id\":\"https:\/\/beta.biohub.rs\/#\/schema\/logo\/image\/\"}}]}<\/script>\n<!-- \/ Yoast SEO plugin. -->","yoast_head_json":{"title":"Bio slam\u010dice - BioHub","robots":{"index":"index","follow":"follow","max-snippet":"max-snippet:-1","max-image-preview":"max-image-preview:large","max-video-preview":"max-video-preview:-1"},"canonical":"https:\/\/beta.biohub.rs\/en\/product\/bio-slamcice\/","og_locale":"en_US","og_type":"article","og_title":"Bio slam\u010dice - BioHub","og_description":"Slam\u010dice od 4 sloja premium A papira \u2013 reciklabilne i biorazgradive. Izra\u0111ene od \u010diste celuloze, nisu napravljene od recikliranog papira, ali se mogu reciklirati. Zahvaljuju\u0107i sastavu bez plastike i prirodnom poreklu materijala, potpuno su biorazgradive i ekolo\u0161ki prihvatljive.","og_url":"https:\/\/beta.biohub.rs\/en\/product\/bio-slamcice\/","og_site_name":"BioHub","article_modified_time":"2025-12-11T20:00:27+00:00","og_image":[{"width":720,"height":666,"url":"https:\/\/beta.biohub.rs\/wp-content\/uploads\/2025\/06\/Whatsapp-Straws.jpeg","type":"image\/jpeg"}],"twitter_card":"summary_large_image","twitter_misc":{"Est. reading time":"1 minute"},"schema":{"@context":"https:\/\/schema.org","@graph":[{"@type":"WebPage","@id":"https:\/\/beta.biohub.rs\/product\/bio-slamcice\/","url":"https:\/\/beta.biohub.rs\/product\/bio-slamcice\/","name":"Bio slam\u010dice - BioHub","isPartOf":{"@id":"https:\/\/beta.biohub.rs\/#website"},"primaryImageOfPage":{"@id":"https:\/\/beta.biohub.rs\/product\/bio-slamcice\/#primaryimage"},"image":{"@id":"https:\/\/beta.biohub.rs\/product\/bio-slamcice\/#primaryimage"},"thumbnailUrl":"https:\/\/beta.biohub.rs\/wp-content\/uploads\/2025\/06\/Whatsapp-Straws.jpeg","datePublished":"2023-12-27T15:15:26+00:00","dateModified":"2025-12-11T20:00:27+00:00","breadcrumb":{"@id":"https:\/\/beta.biohub.rs\/product\/bio-slamcice\/#breadcrumb"},"inLanguage":"en-US","potentialAction":[{"@type":"ReadAction","target":["https:\/\/beta.biohub.rs\/product\/bio-slamcice\/"]}]},{"@type":"ImageObject","inLanguage":"en-US","@id":"https:\/\/beta.biohub.rs\/product\/bio-slamcice\/#primaryimage","url":"https:\/\/beta.biohub.rs\/wp-content\/uploads\/2025\/06\/Whatsapp-Straws.jpeg","contentUrl":"https:\/\/beta.biohub.rs\/wp-content\/uploads\/2025\/06\/Whatsapp-Straws.jpeg","width":720,"height":666},{"@type":"BreadcrumbList","@id":"https:\/\/beta.biohub.rs\/product\/bio-slamcice\/#breadcrumb","itemListElement":[{"@type":"ListItem","position":1,"name":"Home","item":"https:\/\/beta.biohub.rs\/"},{"@type":"ListItem","position":2,"name":"Shop","item":"https:\/\/beta.biohub.rs\/shop\/"},{"@type":"ListItem","position":3,"name":"Bio slam\u010dice"}]},{"@type":"WebSite","@id":"https:\/\/beta.biohub.rs\/#website","url":"https:\/\/beta.biohub.rs\/","name":"BioHub","description":"BioHub proizvodi su biorazgradivi, reciklabilni, kompostabilni i bez plastike, &scaron;to ih \u010dini najboljim ekolo&scaron;kim supstitutima za tradicionalnu PET\/PE jednokratnu ambala\u017eu.","publisher":{"@id":"https:\/\/beta.biohub.rs\/#organization"},"potentialAction":[{"@type":"SearchAction","target":{"@type":"EntryPoint","urlTemplate":"https:\/\/beta.biohub.rs\/?s={search_term_string}"},"query-input":{"@type":"PropertyValueSpecification","valueRequired":true,"valueName":"search_term_string"}}],"inLanguage":"en-US"},{"@type":"Organization","@id":"https:\/\/beta.biohub.rs\/#organization","name":"BioHub","url":"https:\/\/beta.biohub.rs\/","logo":{"@type":"ImageObject","inLanguage":"en-US","@id":"https:\/\/beta.biohub.rs\/#\/schema\/logo\/image\/","url":"","contentUrl":"","caption":"BioHub"},"image":{"@id":"https:\/\/beta.biohub.rs\/#\/schema\/logo\/image\/"}}]}},"_links":{"self":[{"href":"https:\/\/beta.biohub.rs\/en\/wp-json\/wp\/v2\/product\/1351","targetHints":{"allow":["GET"]}}],"collection":[{"href":"https:\/\/beta.biohub.rs\/en\/wp-json\/wp\/v2\/product"}],"about":[{"href":"https:\/\/beta.biohub.rs\/en\/wp-json\/wp\/v2\/types\/product"}],"wp:featuredmedia":[{"embeddable":true,"href":"https:\/\/beta.biohub.rs\/en\/wp-json\/wp\/v2\/media\/4591"}],"wp:attachment":[{"href":"https:\/\/beta.biohub.rs\/en\/wp-json\/wp\/v2\/media?parent=1351"}],"wp:term":[{"taxonomy":"product_brand","embeddable":true,"href":"https:\/\/beta.biohub.rs\/en\/wp-json\/wp\/v2\/product_brand?post=1351"},{"taxonomy":"product_cat","embeddable":true,"href":"https:\/\/beta.biohub.rs\/en\/wp-json\/wp\/v2\/product_cat?post=1351"},{"taxonomy":"product_tag","embeddable":true,"href":"https:\/\/beta.biohub.rs\/en\/wp-json\/wp\/v2\/product_tag?post=1351"}],"curies":[{"name":"wp","href":"https:\/\/api.w.org\/{rel}","templated":true}]}}