{"id":1369,"date":"2023-12-27T16:23:10","date_gmt":"2023-12-27T16:23:10","guid":{"rendered":"https:\/\/demo.makalu.dev\/biohub\/?post_type=product&#038;p=1369"},"modified":"2025-08-23T17:53:49","modified_gmt":"2025-08-23T17:53:49","slug":"casica-za-soseve","status":"publish","type":"product","link":"https:\/\/beta.biohub.rs\/en\/product\/casica-za-soseve\/","title":{"rendered":"Sauce cup with lid"},"content":{"rendered":"","protected":false},"excerpt":{"rendered":"<p>The BioHub sauce cup with lid is a 100% eco-friendly product that offers exceptional resistance to moisture and grease without the use of harmful chemicals or traditional plastic materials.<\/p>","protected":false},"featured_media":3094,"template":"","meta":{"inline_featured_image":false,"_monsterinsights_skip_tracking":false,"_monsterinsights_sitenote_active":false,"_monsterinsights_sitenote_note":"","_monsterinsights_sitenote_category":0},"product_brand":[],"product_cat":[15],"product_tag":[],"class_list":{"0":"post-1369","1":"product","2":"type-product","3":"status-publish","4":"has-post-thumbnail","6":"product_cat-uncategorized","8":"first","9":"instock","10":"taxable","11":"shipping-taxable","12":"purchasable","13":"product-type-variable","14":"has-default-attributes"},"acf":[],"yoast_head":"<!-- This site is optimized with the Yoast SEO plugin v26.5 - https:\/\/yoast.com\/wordpress\/plugins\/seo\/ -->\n<title>Sosijera sa poklopcem - BioHub<\/title>\n<meta name=\"robots\" content=\"index, follow, max-snippet:-1, max-image-preview:large, max-video-preview:-1\" \/>\n<link rel=\"canonical\" href=\"https:\/\/beta.biohub.rs\/en\/product\/casica-za-soseve\/\" \/>\n<meta property=\"og:locale\" content=\"en_US\" \/>\n<meta property=\"og:type\" content=\"article\" \/>\n<meta property=\"og:title\" content=\"Sosijera sa poklopcem - BioHub\" \/>\n<meta property=\"og:description\" content=\"BioHub \u010da\u0161ica za sos sa poklopcem je 100% ekolo\u0161ki proizvod koji nudi izuzetnu otpornost na vlagu i masno\u0107u bez kori\u0161\u0107enja \u0161tetnih hemikalija ili tradicionalnih plasti\u010dnih materijala.\" \/>\n<meta property=\"og:url\" content=\"https:\/\/beta.biohub.rs\/en\/product\/casica-za-soseve\/\" \/>\n<meta property=\"og:site_name\" content=\"BioHub\" \/>\n<meta property=\"article:modified_time\" content=\"2025-08-23T17:53:49+00:00\" \/>\n<meta property=\"og:image\" content=\"https:\/\/beta.biohub.rs\/wp-content\/uploads\/2023\/12\/casica-za-umak.png\" \/>\n\t<meta property=\"og:image:width\" content=\"612\" \/>\n\t<meta property=\"og:image:height\" content=\"408\" \/>\n\t<meta property=\"og:image:type\" content=\"image\/png\" \/>\n<meta name=\"twitter:card\" content=\"summary_large_image\" \/>\n<meta name=\"twitter:label1\" content=\"Est. reading time\" \/>\n\t<meta name=\"twitter:data1\" content=\"1 minute\" \/>\n<script type=\"application\/ld+json\" class=\"yoast-schema-graph\">{\"@context\":\"https:\/\/schema.org\",\"@graph\":[{\"@type\":\"WebPage\",\"@id\":\"https:\/\/beta.biohub.rs\/product\/casica-za-soseve\/\",\"url\":\"https:\/\/beta.biohub.rs\/product\/casica-za-soseve\/\",\"name\":\"Sosijera sa poklopcem - BioHub\",\"isPartOf\":{\"@id\":\"https:\/\/beta.biohub.rs\/#website\"},\"primaryImageOfPage\":{\"@id\":\"https:\/\/beta.biohub.rs\/product\/casica-za-soseve\/#primaryimage\"},\"image\":{\"@id\":\"https:\/\/beta.biohub.rs\/product\/casica-za-soseve\/#primaryimage\"},\"thumbnailUrl\":\"https:\/\/beta.biohub.rs\/wp-content\/uploads\/2023\/12\/casica-za-umak.png\",\"datePublished\":\"2023-12-27T16:23:10+00:00\",\"dateModified\":\"2025-08-23T17:53:49+00:00\",\"breadcrumb\":{\"@id\":\"https:\/\/beta.biohub.rs\/product\/casica-za-soseve\/#breadcrumb\"},\"inLanguage\":\"en-US\",\"potentialAction\":[{\"@type\":\"ReadAction\",\"target\":[\"https:\/\/beta.biohub.rs\/product\/casica-za-soseve\/\"]}]},{\"@type\":\"ImageObject\",\"inLanguage\":\"en-US\",\"@id\":\"https:\/\/beta.biohub.rs\/product\/casica-za-soseve\/#primaryimage\",\"url\":\"https:\/\/beta.biohub.rs\/wp-content\/uploads\/2023\/12\/casica-za-umak.png\",\"contentUrl\":\"https:\/\/beta.biohub.rs\/wp-content\/uploads\/2023\/12\/casica-za-umak.png\",\"width\":612,\"height\":408},{\"@type\":\"BreadcrumbList\",\"@id\":\"https:\/\/beta.biohub.rs\/product\/casica-za-soseve\/#breadcrumb\",\"itemListElement\":[{\"@type\":\"ListItem\",\"position\":1,\"name\":\"Home\",\"item\":\"https:\/\/beta.biohub.rs\/\"},{\"@type\":\"ListItem\",\"position\":2,\"name\":\"Shop\",\"item\":\"https:\/\/beta.biohub.rs\/shop\/\"},{\"@type\":\"ListItem\",\"position\":3,\"name\":\"Sosijera sa poklopcem\"}]},{\"@type\":\"WebSite\",\"@id\":\"https:\/\/beta.biohub.rs\/#website\",\"url\":\"https:\/\/beta.biohub.rs\/\",\"name\":\"BioHub\",\"description\":\"BioHub proizvodi su biorazgradivi, reciklabilni, kompostabilni i bez plastike, &scaron;to ih \u010dini najboljim ekolo&scaron;kim supstitutima za tradicionalnu PET\/PE jednokratnu ambala\u017eu.\",\"publisher\":{\"@id\":\"https:\/\/beta.biohub.rs\/#organization\"},\"potentialAction\":[{\"@type\":\"SearchAction\",\"target\":{\"@type\":\"EntryPoint\",\"urlTemplate\":\"https:\/\/beta.biohub.rs\/?s={search_term_string}\"},\"query-input\":{\"@type\":\"PropertyValueSpecification\",\"valueRequired\":true,\"valueName\":\"search_term_string\"}}],\"inLanguage\":\"en-US\"},{\"@type\":\"Organization\",\"@id\":\"https:\/\/beta.biohub.rs\/#organization\",\"name\":\"BioHub\",\"url\":\"https:\/\/beta.biohub.rs\/\",\"logo\":{\"@type\":\"ImageObject\",\"inLanguage\":\"en-US\",\"@id\":\"https:\/\/beta.biohub.rs\/#\/schema\/logo\/image\/\",\"url\":\"\",\"contentUrl\":\"\",\"caption\":\"BioHub\"},\"image\":{\"@id\":\"https:\/\/beta.biohub.rs\/#\/schema\/logo\/image\/\"}}]}<\/script>\n<!-- \/ Yoast SEO plugin. -->","yoast_head_json":{"title":"Sosijera sa poklopcem - BioHub","robots":{"index":"index","follow":"follow","max-snippet":"max-snippet:-1","max-image-preview":"max-image-preview:large","max-video-preview":"max-video-preview:-1"},"canonical":"https:\/\/beta.biohub.rs\/en\/product\/casica-za-soseve\/","og_locale":"en_US","og_type":"article","og_title":"Sosijera sa poklopcem - BioHub","og_description":"BioHub \u010da\u0161ica za sos sa poklopcem je 100% ekolo\u0161ki proizvod koji nudi izuzetnu otpornost na vlagu i masno\u0107u bez kori\u0161\u0107enja \u0161tetnih hemikalija ili tradicionalnih plasti\u010dnih materijala.","og_url":"https:\/\/beta.biohub.rs\/en\/product\/casica-za-soseve\/","og_site_name":"BioHub","article_modified_time":"2025-08-23T17:53:49+00:00","og_image":[{"width":612,"height":408,"url":"https:\/\/beta.biohub.rs\/wp-content\/uploads\/2023\/12\/casica-za-umak.png","type":"image\/png"}],"twitter_card":"summary_large_image","twitter_misc":{"Est. reading time":"1 minute"},"schema":{"@context":"https:\/\/schema.org","@graph":[{"@type":"WebPage","@id":"https:\/\/beta.biohub.rs\/product\/casica-za-soseve\/","url":"https:\/\/beta.biohub.rs\/product\/casica-za-soseve\/","name":"Sosijera sa poklopcem - BioHub","isPartOf":{"@id":"https:\/\/beta.biohub.rs\/#website"},"primaryImageOfPage":{"@id":"https:\/\/beta.biohub.rs\/product\/casica-za-soseve\/#primaryimage"},"image":{"@id":"https:\/\/beta.biohub.rs\/product\/casica-za-soseve\/#primaryimage"},"thumbnailUrl":"https:\/\/beta.biohub.rs\/wp-content\/uploads\/2023\/12\/casica-za-umak.png","datePublished":"2023-12-27T16:23:10+00:00","dateModified":"2025-08-23T17:53:49+00:00","breadcrumb":{"@id":"https:\/\/beta.biohub.rs\/product\/casica-za-soseve\/#breadcrumb"},"inLanguage":"en-US","potentialAction":[{"@type":"ReadAction","target":["https:\/\/beta.biohub.rs\/product\/casica-za-soseve\/"]}]},{"@type":"ImageObject","inLanguage":"en-US","@id":"https:\/\/beta.biohub.rs\/product\/casica-za-soseve\/#primaryimage","url":"https:\/\/beta.biohub.rs\/wp-content\/uploads\/2023\/12\/casica-za-umak.png","contentUrl":"https:\/\/beta.biohub.rs\/wp-content\/uploads\/2023\/12\/casica-za-umak.png","width":612,"height":408},{"@type":"BreadcrumbList","@id":"https:\/\/beta.biohub.rs\/product\/casica-za-soseve\/#breadcrumb","itemListElement":[{"@type":"ListItem","position":1,"name":"Home","item":"https:\/\/beta.biohub.rs\/"},{"@type":"ListItem","position":2,"name":"Shop","item":"https:\/\/beta.biohub.rs\/shop\/"},{"@type":"ListItem","position":3,"name":"Sosijera sa poklopcem"}]},{"@type":"WebSite","@id":"https:\/\/beta.biohub.rs\/#website","url":"https:\/\/beta.biohub.rs\/","name":"BioHub","description":"BioHub proizvodi su biorazgradivi, reciklabilni, kompostabilni i bez plastike, &scaron;to ih \u010dini najboljim ekolo&scaron;kim supstitutima za tradicionalnu PET\/PE jednokratnu ambala\u017eu.","publisher":{"@id":"https:\/\/beta.biohub.rs\/#organization"},"potentialAction":[{"@type":"SearchAction","target":{"@type":"EntryPoint","urlTemplate":"https:\/\/beta.biohub.rs\/?s={search_term_string}"},"query-input":{"@type":"PropertyValueSpecification","valueRequired":true,"valueName":"search_term_string"}}],"inLanguage":"en-US"},{"@type":"Organization","@id":"https:\/\/beta.biohub.rs\/#organization","name":"BioHub","url":"https:\/\/beta.biohub.rs\/","logo":{"@type":"ImageObject","inLanguage":"en-US","@id":"https:\/\/beta.biohub.rs\/#\/schema\/logo\/image\/","url":"","contentUrl":"","caption":"BioHub"},"image":{"@id":"https:\/\/beta.biohub.rs\/#\/schema\/logo\/image\/"}}]}},"_links":{"self":[{"href":"https:\/\/beta.biohub.rs\/en\/wp-json\/wp\/v2\/product\/1369","targetHints":{"allow":["GET"]}}],"collection":[{"href":"https:\/\/beta.biohub.rs\/en\/wp-json\/wp\/v2\/product"}],"about":[{"href":"https:\/\/beta.biohub.rs\/en\/wp-json\/wp\/v2\/types\/product"}],"wp:featuredmedia":[{"embeddable":true,"href":"https:\/\/beta.biohub.rs\/en\/wp-json\/wp\/v2\/media\/3094"}],"wp:attachment":[{"href":"https:\/\/beta.biohub.rs\/en\/wp-json\/wp\/v2\/media?parent=1369"}],"wp:term":[{"taxonomy":"product_brand","embeddable":true,"href":"https:\/\/beta.biohub.rs\/en\/wp-json\/wp\/v2\/product_brand?post=1369"},{"taxonomy":"product_cat","embeddable":true,"href":"https:\/\/beta.biohub.rs\/en\/wp-json\/wp\/v2\/product_cat?post=1369"},{"taxonomy":"product_tag","embeddable":true,"href":"https:\/\/beta.biohub.rs\/en\/wp-json\/wp\/v2\/product_tag?post=1369"}],"curies":[{"name":"wp","href":"https:\/\/api.w.org\/{rel}","templated":true}]}}